{"id":328,"date":"2019-07-10T06:49:39","date_gmt":"2019-07-10T03:49:39","guid":{"rendered":"http:\/\/medyumemrahozturk.com\/index.php\/mesmerize\/"},"modified":"2022-11-13T02:20:28","modified_gmt":"2022-11-12T23:20:28","slug":"mesmerize","status":"publish","type":"page","link":"https:\/\/medyumemrahozturk.com\/","title":{"rendered":"Ana Sayfa"},"content":{"rendered":"<div id=\"feature\" class=\"features-ov-4-mc content-section content-section-spacing\" style=\"background-color: #f5fafd; background-image: none;\" data-label=\"Feature\" data-id=\"features-ov-4-mc\" data-export-id=\"features-ov-4-mc\" data-category=\"features\">\n<div class=\"\">\n<div class=\"row spaced-cols text-center\" data-type=\"row\">\n<div class=\"col-xs-12 col-sm-4 col-padding\"><i class=\"fa icon shadow-large-black aligncenter color1 fa-clone reverse round large\"><\/i>\n<div class=\"\" data-type=\"column\">\n<h5 class=\"font-400\">KADER NED\u0130R?<\/h5>\n<p class=\"\">Ne yaz\u0131k ki toplumumuzun b\u00fcy\u00fck bir k\u0131sm\u0131 kaderin ger\u00e7ek anlam\u0131n\u0131 bilmiyor ve bu y\u00fczden de herkes yap\u0131lan hatalar\u0131 kaderde buluyor.<\/p>\n\n<\/div>\n<\/div>\n<div class=\"col-xs-12 col-sm-4 col-padding\"><i class=\"fa icon shadow-large-black aligncenter color2 fa-cogs reverse round large\"><\/i>\n<div class=\"\" data-type=\"column\">\n<h5 class=\"font-400\">YILDIZNAME NED\u0130R?<\/h5>\n<p class=\"\">Ki\u015finin do\u011fum tarihi saati ismi vb. ki\u015fisel bilgileri kullan\u0131larak bak\u0131l\u0131r. Do\u011fumdan \u00f6l\u00fcme dek ba\u015f\u0131ndan ge\u00e7ecek \u00f6nemli olaylar belirtilir.<\/p>\n\n<\/div>\n<\/div>\n<div class=\"col-xs-12 col-sm-4 col-padding\"><i class=\"fa icon fa-magic large shadow-large-black round aligncenter reverse color4\"><\/i>\n<div class=\"\" data-type=\"column\">\n<h5 class=\"font-400\">NAZAR NED\u0130R?<\/h5>\n<p class=\"\">Nazar ya da kem g\u00f6z, canl\u0131 veya cans\u0131z bir varl\u0131\u011f\u0131n ba\u015f\u0131na kaza veya bel\u00e2 gelmesine neden oldu\u011funa inan\u0131lan bak\u0131\u015f. Nazardan \u00f6zellikle \u00e7ocuklar\u0131n, hamilelerin ya da hayvanlar\u0131n etkilendi\u011fine inan\u0131l\u0131r.<\/p>\n\n<\/div>\n<\/div>\n<\/div>\n<\/div>\n<\/div>\n<div id=\"content-2\" class=\"content-8-mc content-section content-section-spacing\" style=\"background-color: #ffffff;\" data-label=\"Content\" data-id=\"content-8-mc\" data-export-id=\"content-8-mc\" data-category=\"content\">\n<div class=\"gridContainer\">\n<div class=\"row middle-sm\">\n<div class=\"col-sm-6 space-bottom-xs space-top-xs\" data-type=\"column\"><img decoding=\"async\" class=\"shadow-large\" title=\"cropped-cropped-buyuler2-538x218-2.jpg\" src=\"https:\/\/medyumemrahozturk.com\/wp-content\/uploads\/2016\/10\/cropped-cropped-buyuler2-538x218-2.jpg\" alt=\"\" \/><\/div>\n<div class=\"col-sm-6\" data-type=\"column\">\n\n<img decoding=\"async\" class=\"custom-image aligncenter\" title=\"Medyum\" src=\"https:\/\/medyumemrahozturk.com\/wp-content\/uploads\/2022\/10\/fairy_izp2z2nj.gif\" alt=\"\" \/>\n\n<\/div>\n<\/div>\n<\/div>\n<\/div>\n<div id=\"about-1\" class=\"about-images-right-section-mc content-section content-section-spacing\" style=\"background-color: #f5fafd;\" data-label=\"About\" data-id=\"about-images-right-section-mc\" data-export-id=\"about-images-right-section-mc\" data-bullets-visibility=\"true\" data-category=\"about\">\n<div class=\"gridContainer\">\n<div class=\"row middle-sm text-center\">\n<div class=\"col-sm-5 content-left-sm\" data-type=\"column\">\n<h5 class=\"\"><b>Cin<\/b>; \u0130slam mitolojisinde g\u00f6zle g\u00f6r\u00fclmeyen, \u00e7e\u015fitli \u015fekillere girebilen manalar\u0131ndan \u00f6t\u00fcr\u00fc, zaman zaman farkl\u0131 yorumlanm\u0131\u015ft\u0131r. Kimi yorumlara g\u00f6re insanlarla cinsel ili\u015fki kurabilen, onlar\u0131 y\u00f6netimi ve etkisi alt\u0131na ald\u0131\u011f\u0131 gibi bir\u00e7ok korku unsuru fiilin kendilerine y\u00fcklendi\u011fi ruhan\u00ee varl\u0131klar\u0131 ifade eder.<\/h5>\n<\/div>\n<\/div>\n<\/div>\n<\/div>\n<div id=\"features-1\" class=\"features-16-card-bordered-mc content-section content-section-spacing\" style=\"background-color: #ffffff;\" data-label=\"Features\" data-id=\"features-16-card-bordered-mc\" data-export-id=\"features-16-card-bordered-mc\" data-bullets-visibility=\"true\" data-category=\"features\">\n<div class=\"gridContainer\">\n<div class=\"row spaced-cols\" data-type=\"row\">\n<div class=\"col-xs-12 col-sm-6 col-md-4\">\n<div class=\"card no-padding bordered y-move\"><img loading=\"lazy\" decoding=\"async\" class=\"alignnone size-full wp-image-574\" src=\"https:\/\/medyumemrahozturk.com\/wp-content\/uploads\/2022\/10\/IMG_20221027_050010.jpg\" sizes=\"auto, (max-width: 1080px) 100vw, 1080px\" srcset=\"https:\/\/medyumemrahozturk.com\/wp-content\/uploads\/2022\/10\/IMG_20221027_050010.jpg 1080w, https:\/\/medyumemrahozturk.com\/wp-content\/uploads\/2022\/10\/IMG_20221027_050010-300x154.jpg 300w, https:\/\/medyumemrahozturk.com\/wp-content\/uploads\/2022\/10\/IMG_20221027_050010-1024x524.jpg 1024w, https:\/\/medyumemrahozturk.com\/wp-content\/uploads\/2022\/10\/IMG_20221027_050010-768x393.jpg 768w\" alt=\"\" width=\"1080\" height=\"553\" \/>\n<div class=\"col-padding-small col-padding-small-xs description-container\" data-type=\"column\"><\/div>\n<div class=\"col-padding-small col-padding-small-xs read-more-container\" data-type=\"column\">\n\n<strong class=\"\">YILDIZNAME NED\u0130R?<\/strong>\n\nKi\u015finin do\u011fum tarihi saati ismi vb. ki\u015fisel bilgileri kullan\u0131larak bak\u0131l\u0131r. Do\u011fumdan \u00f6l\u00fcme dek ba\u015f\u0131ndan ge\u00e7ecek \u00f6nemli olaylar belirtilir.\n<h1 class=\"\">YILDIZNAME<\/h1>\n<\/div>\n<\/div>\n<\/div>\n<div class=\"col-xs-12 col-sm-6 col-md-4\">\n<div class=\"card no-padding bordered y-move\">\n<div class=\"col-padding-small col-padding-small-xs description-container\" data-type=\"column\">\n<h4 class=\"font-500\"><\/h4>\n<p class=\"\"><img loading=\"lazy\" decoding=\"async\" class=\"alignnone size-full wp-image-575\" src=\"https:\/\/medyumemrahozturk.com\/wp-content\/uploads\/2022\/10\/IMG_20221027_050025.jpg\" sizes=\"auto, (max-width: 1080px) 100vw, 1080px\" srcset=\"https:\/\/medyumemrahozturk.com\/wp-content\/uploads\/2022\/10\/IMG_20221027_050025.jpg 1080w, https:\/\/medyumemrahozturk.com\/wp-content\/uploads\/2022\/10\/IMG_20221027_050025-300x199.jpg 300w, https:\/\/medyumemrahozturk.com\/wp-content\/uploads\/2022\/10\/IMG_20221027_050025-1024x678.jpg 1024w, https:\/\/medyumemrahozturk.com\/wp-content\/uploads\/2022\/10\/IMG_20221027_050025-768x508.jpg 768w\" alt=\"\" width=\"1080\" height=\"715\" \/><\/p>\n\n<\/div>\n<div class=\"col-padding-small col-padding-small-xs read-more-container\" data-type=\"column\">\n<p class=\"\" align=\"center\"><strong>KARA B\u00dcY\u00dc<\/strong><\/p>\nB\u00fcy\u00fc \u0130slam dinince varl\u0131\u011f\u0131 bilinen ancak m\u00fc\u2019minlere yasaklanan bir \u015feydir. Ad\u0131ndan da anla\u015f\u0131laca\u011f\u0131 gibi bir insana ve ya bir b\u00f6lgeye zarar vermek amac\u0131yla yap\u0131lan bu uygulamalar \u00e7o\u011fu insan taraf\u0131ndan gizli ruhlar ve \u015feytanlar arac\u0131l\u0131\u011f\u0131 ile yap\u0131l\u0131yor zannedilir. Baz\u0131 ki\u015filer kara b\u00fcy\u00fcy\u00fc \u00f6l\u00fc ruhlar\u0131nda ger\u00e7ekle\u015ftirebildi\u011fini s\u00f6yler ancak\u00a0<strong class=\"\">kara b\u00fcy\u00fc<\/strong>\u00a0\u015feytanla\u015fm\u0131\u015f olan insanlar\u0131n, \u015feytanlar ve k\u00e2fir olan cinlerle yapt\u0131klar\u0131 b\u00fcy\u00fck k\u00f6t\u00fcl\u00fcklerdir.\n<h1 class=\"\"><strong><span style=\"color: revert; font-size: revert;\">B\u00dcY\u00dc<\/span><\/strong><\/h1>\n<\/div>\n<\/div>\n<\/div>\n<div class=\"col-xs-12 col-sm-6 col-md-4\">\n<div class=\"card no-padding bordered y-move\">\n<div class=\"col-padding-small col-padding-small-xs description-container\" data-type=\"column\">\n<h4 class=\"font-500\"><\/h4>\n<p class=\"\"><img loading=\"lazy\" decoding=\"async\" class=\"alignnone size-full wp-image-573\" src=\"https:\/\/medyumemrahozturk.com\/wp-content\/uploads\/2022\/10\/IMG_20221027_050041.jpg\" sizes=\"auto, (max-width: 1080px) 100vw, 1080px\" srcset=\"https:\/\/medyumemrahozturk.com\/wp-content\/uploads\/2022\/10\/IMG_20221027_050041.jpg 1080w, https:\/\/medyumemrahozturk.com\/wp-content\/uploads\/2022\/10\/IMG_20221027_050041-300x197.jpg 300w, https:\/\/medyumemrahozturk.com\/wp-content\/uploads\/2022\/10\/IMG_20221027_050041-1024x672.jpg 1024w, https:\/\/medyumemrahozturk.com\/wp-content\/uploads\/2022\/10\/IMG_20221027_050041-768x504.jpg 768w\" alt=\"\" width=\"1080\" height=\"709\" \/><\/p>\n\n<\/div>\n<div class=\"col-padding-small col-padding-small-xs read-more-container\" data-type=\"column\">\n\n<strong class=\"\">KADER NED\u0130R?<\/strong>\n\nNe yaz\u0131k ki toplumumuzun b\u00fcy\u00fck bir k\u0131sm\u0131 kaderin ger\u00e7ek anlam\u0131n\u0131 bilmiyor ve bu y\u00fczden\u00a0de herkes yap\u0131lan hatalar\u0131 kaderde buluyor. \u00d6yle ki bu durum \u015fark\u0131lara da yans\u0131m\u0131\u015f. \u00c7e\u015fitli sanat\u00e7\u0131lar\u00a0duygu ve d\u00fc\u015f\u00fcncelerini aktar\u0131rken kimi zaman kaderi su\u00e7lu g\u00f6rerek yapm\u0131\u015ft\u0131r bunu.\n<h1 class=\"\">KADER<\/h1>\n<\/div>\n<\/div>\n<\/div>\n<\/div>\n<\/div>\n<\/div>\n<div id=\"content-1\" class=\"content-7-mc content-section content-section-spacing\" style=\"background-color: #f5fafd;\" data-label=\"Content\" data-id=\"content-7-mc\" data-export-id=\"content-7-mc\" data-category=\"content\">\n<div class=\"gridContainer\">\n<div class=\"row middle-sm\">\n<div class=\"col-sm-6 space-bottom-xs\" data-type=\"column\">\n<h2 class=\"\">Hakk\u0131mda<\/h2>\n<p class=\"\">YILLARA DAYANAN TECR\u00dcBEM\u0130 DAHA GEN\u0130\u015e B\u0130R K\u0130TLEYE YAYARAK DAHA FAZLA \u0130NSANLARA YARDIMCI OLMAYI HEDEFLED\u0130M. YILLAR \u00d6NCE BELL\u0130 B\u0130R K\u0130TLEYE YARDIMCI OLMAKTAYDIM. \u00c7A\u011eIMIZ B\u0130LG\u0130SAYAR \u00c7A\u011eI \u00c7EVREM\u0130ZDEN GELEN \u00d6NER\u0130LERLE BU S\u0130TEY\u0130 KURMA KARARI ALDIM. 2013 YILINDA KURDU\u011eUMUZ S\u0130TE G\u00dcN\u00dcM\u00dcZE KADAR S\u0130ZLERE H\u0130ZMET VERMEKTED\u0130R. S\u0130TEM\u0130Z T\u0130CAR\u0130 AMA\u00c7LI DE\u011e\u0130L B\u0130LG\u0130LEND\u0130RME AMA\u00c7LIDIR. S\u0130TEM\u0130ZDE B\u0130R \u00c7OK KONUYU OKUYAB\u0130L\u0130R D\u0130LERSEN\u0130Z \u0130LET\u0130\u015e\u0130M B\u00d6L\u00dcM\u00dcNDEK\u0130 TELEFON NUMARALARIMIZI ARAYARAK DETAYLI B\u0130LG\u0130 ALAB\u0130L\u0130RS\u0130N\u0130Z. HUZURLU VE \u0130Y\u0130 G\u00dcNLER D\u0130LER\u0130Z.<\/p>\nEmrah \u00d6ZT\u00dcRK\n\n<\/div>\n<div class=\"col-sm-6\" data-type=\"column\"><\/div>\n<\/div>\n<\/div>\n<\/div>\n<div id=\"portfolio-1\" class=\"portfolio-5-mc content-section content-section-spacing section-title-col-white-text bg-color1\" data-label=\"Portfolio\" data-id=\"portfolio-5-mc\" data-export-id=\"portfolio-5-mc\" data-bullets-visibility=\"true\" data-category=\"portfolio\">\n<div class=\"gridContainer\">\n<div class=\"row text-center\">\n<div class=\"section-title-col\" data-type=\"column\">\n<h2 class=\"\">B\u00fcy\u00fc Nedir?<\/h2>\n<p class=\"\" align=\"center\"><strong>KARA B\u00dcY\u00dc<\/strong><\/p>\n<strong class=\"\">B\u00fcy\u00fc, \u0130slam dinince varl\u0131\u011f\u0131 bilinen ancak m\u00fc\u2019minlere yasaklanan bir \u015feydir. Ad\u0131ndan da anla\u015f\u0131laca\u011f\u0131 gibi bir insana ve ya bir b\u00f6lgeye zarar vermek amac\u0131yla yap\u0131lan bu uygulamalar \u00e7o\u011fu insan taraf\u0131ndan gizli ruhlar ve \u015feytanlar arac\u0131l\u0131\u011f\u0131 ile yap\u0131l\u0131yor zannedilir.<\/strong>\n\n<\/div>\n<\/div>\n<div class=\"row space-bottom spaced-cols\" data-type=\"row\">\n<div class=\"col-xs-12 col-sm-4 text-center\">\n<div class=\"card no-padding bordered\">\n<div class=\"contentswap-effect contentswap-overlay\" style=\"float: none; margin: 0; width: 100%;\" data-hover-fx=\"portfolio-6\">\n<div class=\"initial-image\" style=\"float: none; margin: 0;\"><img loading=\"lazy\" decoding=\"async\" class=\"alignnone size-full wp-image-442\" src=\"https:\/\/medyumemrahozturk.com\/wp-content\/uploads\/2016\/10\/cropped-cropped-a-crystal-ball.jpg\" sizes=\"auto, (max-width: 1370px) 100vw, 1370px\" srcset=\"https:\/\/medyumemrahozturk.com\/wp-content\/uploads\/2016\/10\/cropped-cropped-a-crystal-ball.jpg 1370w, https:\/\/medyumemrahozturk.com\/wp-content\/uploads\/2016\/10\/cropped-cropped-a-crystal-ball-300x224.jpg 300w, https:\/\/medyumemrahozturk.com\/wp-content\/uploads\/2016\/10\/cropped-cropped-a-crystal-ball-1024x764.jpg 1024w, https:\/\/medyumemrahozturk.com\/wp-content\/uploads\/2016\/10\/cropped-cropped-a-crystal-ball-768x573.jpg 768w\" alt=\"\" width=\"1370\" height=\"1022\" \/><\/div>\n<div class=\"overlay bg-color6\" style=\"display: block; transition: opacity 800ms ease 0s; -webkit-transition-timing-function: ease; -moz-transition-timing-function: ease; -o-transition-timing-function: ease; transition-timing-function: ease;\"><\/div>\n<div class=\"swap-inner col-xs-12\" style=\"display: block; transition: all 800ms ease 0s; background-color: rgba(0,0,0,0); margin-top: 0;\">\n<div class=\"row full-height-row middle-xs middle-sm\">\n<div class=\"col-xs-12 text-center content-holder\"><\/div>\n<\/div>\n<\/div>\n<\/div>\n<div class=\"col-xs-12\">\n<div class=\"space-bottom space-top\" data-type=\"column\">\n<h5 class=\"\"><b style=\"font-size: revert; color: initial;\">Cin<\/b><span style=\"font-size: revert; color: initial;\">; \u0130slam mitolojisinde g\u00f6zle g\u00f6r\u00fclmeyen, \u00e7e\u015fitli \u015fekillere girebilen manalar\u0131ndan \u00f6t\u00fcr\u00fc, zaman zaman farkl\u0131 yorumlanm\u0131\u015ft\u0131r. Kimi yorumlara g\u00f6re insanlarla cinsel ili\u015fki kurabilen, onlar\u0131 y\u00f6netimi ve etkisi alt\u0131na ald\u0131\u011f\u0131 gibi bir\u00e7ok korku unsuru fiilin kendilerine y\u00fcklendi\u011fi ruhan\u00ee varl\u0131klar\u0131 ifade eder.<\/span><\/h5>\n<\/div>\n<\/div>\n<\/div>\n<\/div>\n<div class=\"col-xs-12 col-sm-4 text-center\">\n<div class=\"card no-padding bordered\">\n<div class=\"contentswap-effect contentswap-overlay\" style=\"float: none; margin: 0; width: 100%;\" data-hover-fx=\"portfolio-6\">\n<div class=\"initial-image\" style=\"float: none; margin: 0;\"><img loading=\"lazy\" decoding=\"async\" class=\"alignnone size-full wp-image-69\" src=\"https:\/\/medyumemrahozturk.com\/wp-content\/uploads\/2016\/10\/yildizname.jpg\" sizes=\"auto, (max-width: 870px) 100vw, 870px\" srcset=\"https:\/\/medyumemrahozturk.com\/wp-content\/uploads\/2016\/10\/yildizname.jpg 870w, https:\/\/medyumemrahozturk.com\/wp-content\/uploads\/2016\/10\/yildizname-300x88.jpg 300w, https:\/\/medyumemrahozturk.com\/wp-content\/uploads\/2016\/10\/yildizname-768x224.jpg 768w\" alt=\"\" width=\"870\" height=\"254\" \/><\/div>\n<div class=\"overlay bg-color6\" style=\"display: block; transition: opacity 800ms ease 0s; -webkit-transition-timing-function: ease; -moz-transition-timing-function: ease; -o-transition-timing-function: ease; transition-timing-function: ease;\"><\/div>\n<div class=\"swap-inner col-xs-12\" style=\"display: block; transition: all 800ms ease 0s; background-color: rgba(0,0,0,0); margin-top: 0;\">\n<div class=\"row full-height-row middle-xs middle-sm\">\n<div class=\"col-xs-12 text-center content-holder\"><strong style=\"font-size: revert; color: initial;\">YILDIZNAME NED\u0130R?<\/strong><span style=\"font-size: revert; color: initial;\">\u00a0Ki\u015finin do\u011fum tarihi saati ismi vb. ki\u015fisel bilgileri kullan\u0131larak bak\u0131l\u0131r. Do\u011fumdan \u00f6l\u00fcme dek ba\u015f\u0131ndan ge\u00e7ecek \u00f6nemli olaylar belirtilir.<\/span><\/div>\n<\/div>\n<\/div>\n<\/div>\n<\/div>\n<\/div>\n<div class=\"col-xs-12 col-sm-4 text-center\">\n<div class=\"card no-padding bordered\">\n<div class=\"contentswap-effect contentswap-overlay\" style=\"float: none; margin: 0; width: 100%;\" data-hover-fx=\"portfolio-6\">\n<div class=\"initial-image\" style=\"float: none; margin: 0;\"><img loading=\"lazy\" decoding=\"async\" class=\"alignnone size-full wp-image-241\" src=\"https:\/\/medyumemrahozturk.com\/wp-content\/uploads\/2016\/10\/1.jpg\" sizes=\"auto, (max-width: 745px) 100vw, 745px\" srcset=\"https:\/\/medyumemrahozturk.com\/wp-content\/uploads\/2016\/10\/1.jpg 745w, https:\/\/medyumemrahozturk.com\/wp-content\/uploads\/2016\/10\/1-300x125.jpg 300w\" alt=\"\" width=\"745\" height=\"310\" \/><\/div>\n<div class=\"overlay bg-color6\" style=\"display: block; transition: opacity 800ms ease 0s; -webkit-transition-timing-function: ease; -moz-transition-timing-function: ease; -o-transition-timing-function: ease; transition-timing-function: ease;\"><\/div>\n<\/div>\n<div class=\"col-xs-12\">\n<div class=\"space-bottom space-top\" data-type=\"column\">\n<p class=\"\" align=\"center\"><strong>KARA B\u00dcY\u00dc<\/strong><\/p>\nB\u00fcy\u00fc \u0130slam dinince varl\u0131\u011f\u0131 bilinen ancak m\u00fc\u2019minlere yasaklanan bir \u015feydir. Ad\u0131ndan da anla\u015f\u0131laca\u011f\u0131 gibi bir insana ve ya bir b\u00f6lgeye zarar vermek amac\u0131yla yap\u0131lan bu uygulamalar \u00e7o\u011fu insan taraf\u0131ndan gizli ruhlar ve \u015feytanlar arac\u0131l\u0131\u011f\u0131 ile yap\u0131l\u0131yor zannedilir. Baz\u0131 ki\u015filer kara b\u00fcy\u00fcy\u00fc \u00f6l\u00fc ruhlar\u0131nda ger\u00e7ekle\u015ftirebildi\u011fini s\u00f6yler ancak\u00a0<strong class=\"\">kara b\u00fcy\u00fc<\/strong> \u015feytanla\u015fm\u0131\u015f olan insanlar\u0131n, \u015feytanlar ve k\u00e2fir olan cinlerle yapt\u0131klar\u0131 b\u00fcy\u00fck k\u00f6t\u00fcl\u00fcklerdir.\n\n<\/div>\n<\/div>\n<\/div>\n<\/div>\n<\/div>\n<\/div>\n<\/div>\n<div id=\"testimonials-1\" class=\"testimonials-5-mc content-section content-section-spacing\" style=\"background-color: #ffffff;\" data-label=\"Testimonials\" data-id=\"testimonials-5-mc\" data-export-id=\"testimonials-5-mc\" data-category=\"testimonials\">\n<div class=\"gridContainer\">\n<div class=\"row\">\n<div class=\"section-title-col\" data-type=\"column\">\n<h2 class=\"\">Medyum Kimdir? Nedir?<\/h2>\n<p class=\"lead\">Medyum kimdir? \u2013 Medyum Neler Yapar?<\/p>\n\n<\/div>\n<\/div>\n<div class=\"row spaced-cols content-center-sm\" data-type=\"row\">\n<div class=\"col-sm-4\">\n<div class=\"card y-move bordered\" data-type=\"column\"><i class=\"fa fa-quote-right icon color1 small quotation-icon\"><\/i>\n<p class=\"text-center\">Transa ge\u00e7ip ruhlardan ve cinlerden haber getiren ki\u015filere medyum denirdi. Medyumlar, belli ba\u015fl\u0131 sembolleri kullanarak ve \u00e7e\u015fitli kelimeleri \u2013 say\u0131lar\u0131 tekrarlayarak transa ge\u00e7erler. Trans esnas\u0131nda, di\u011fer boyutlarda ya\u015fayan varl\u0131klarla irtibata ge\u00e7er. Bu varl\u0131klarla konu\u015farak gelecekteki \u015feylerden haber alabilirler.<\/p>\n<img decoding=\"async\" class=\"round icon\" title=\"cropped-cropped-imaget\u00fcrk bayrap\u0131s-10.jpeg\" src=\"https:\/\/medyumemrahozturk.com\/wp-content\/uploads\/2022\/10\/cropped-cropped-images-10.jpeg\" alt=\"\" \/>\n<h6 class=\"\"><\/h6>\n<\/div>\n<\/div>\n<div class=\"col-sm-4\">\n<div class=\"card y-move bordered\" data-type=\"column\"><i class=\"fa fa-quote-right icon color1 small quotation-icon\"><\/i>\n<p class=\"text-center\">People who went into a trance and brought news from spirits and jinn were called psychics. Psychics go into a trance using certain symbols and repeating various words \u2013 numbers. During trance, he comes into contact with beings living in other dimensions. By talking to these beings, they can hear about future things.<\/p>\n<img decoding=\"async\" class=\"round icon\" title=\"cropped-images-11.jpeg\" src=\"https:\/\/medyumemrahozturk.com\/wp-content\/uploads\/2022\/10\/cropped-images-11.jpeg\" alt=\"\" \/>\n<h6 class=\"\">En \u2013 English<\/h6>\nPsychics\n\n<\/div>\n<\/div>\n<div class=\"col-sm-4\">\n<div class=\"card y-move bordered\" data-type=\"column\"><i class=\"fa fa-quote-right icon color1 small quotation-icon\"><\/i>\n<p class=\"text-center\">Menschen, die in Trance gingen und Nachrichten von Geistern und Dschinn \u00fcberbrachten, wurden Hellseher genannt. Hellseher gehen in Trance, indem sie bestimmte Symbole verwenden und verschiedene W\u00f6rter wiederholen \u2013 Zahlen. W\u00e4hrend der Trance kommt er in Kontakt mit Wesen, die in anderen Dimensionen leben. Indem sie mit diesen Wesen sprechen, k\u00f6nnen sie \u00fcber zuk\u00fcnftige Dinge h\u00f6ren.<\/p>\n<img decoding=\"async\" class=\"round icon\" title=\"cropped-images-12-1.jpeg\" src=\"https:\/\/medyumemrahozturk.com\/wp-content\/uploads\/2022\/10\/cropped-images-12-1.jpeg\" alt=\"\" \/>\n<h6 class=\"\">De \u2013 Deutsland<\/h6>\n<p class=\"small italic\"><\/p>\n\n<\/div>\n<\/div>\n<\/div>\n<\/div>\n<\/div>\n<div id=\"team-1\" class=\"team-5-mc content-section content-section-spacing\" style=\"background-color: #ffffff;\" data-label=\"Team\" data-id=\"team-5-mc\" data-export-id=\"team-5-mc\" data-bullets-visibility=\"true\" data-category=\"team\">\n<div class=\"gridContainer\">\n<div class=\"row text-center\">\n<div class=\"section-title-col\" data-type=\"column\">\n<h5 class=\"\">TE\u015eEKK\u00dcR MESAJLARI<\/h5>\n<h2 class=\"\">Sizden Gelenler<\/h2>\n<p class=\"lead\">Bu b\u00f6l\u00fcm\u00fc \u201cSizden Gelenler\u201d k\u00f6\u015fesi olarak haz\u0131rlad\u0131k. Bu k\u00f6\u015femizde hocam\u0131za gelen te\u015fekk\u00fcr mesajlardan baz\u0131lar\u0131n\u0131 yay\u0131nlad\u0131k. Gizlilik ilkemiz nedeni ile \u0130sim ve Soyisim b\u00f6l\u00fcmleri \u015fifrelenmi\u015ftir.<\/p>\n\n<\/div>\n<\/div>\n<div class=\"row spaced-cols content-center-sm\" data-type=\"row\">\n<div class=\"col-xs-12 col-sm-6 col-md-3 col-padding\">\n<div class=\"row \">\n<div class=\"col-xs-12 col-sm-12\" data-type=\"column\"><img decoding=\"async\" class=\"round face\" title=\"cropped-buyuler2-538x218-4.jpg\" src=\"https:\/\/medyumemrahozturk.com\/wp-content\/uploads\/2016\/10\/cropped-buyuler2-538x218-4.jpg\" alt=\"\" \/>\n<h4 class=\"font-500\">Me**** \u00c7e***<\/h4>\n<p class=\"italic\">\u00c7ok te\u015fekk\u00fcr ederim.<\/p>\nHocamla 1 y\u0131l \u00f6nce tan\u0131\u015ft\u0131m. \u0130\u00e7inde bulundu\u011fum s\u0131k\u0131nt\u0131lardan yapm\u0131\u015f oldu\u011fu seanslar sayesinde kurtuldum. \u00c7ok te\u015fekk\u00fcr ederim kendisine\u2026\n<div class=\"social-icons-group\" data-type=\"group\"><\/div>\n<\/div>\n<\/div>\n<\/div>\n<div class=\"col-xs-12 col-sm-6 col-md-3 col-padding\">\n<div class=\"row \">\n<div class=\"col-xs-12 col-sm-12\" data-type=\"column\"><img decoding=\"async\" class=\"round face\" title=\"cropped-buyuler2-538x218-5.jpg\" src=\"https:\/\/medyumemrahozturk.com\/wp-content\/uploads\/2016\/10\/cropped-buyuler2-538x218-5.jpg\" alt=\"\" \/>\n<h4 class=\"font-500\">Se*** Ba*****<\/h4>\n<p class=\"italic\">Emrah hocam\u0131 internet sitesinden denk geldim 1 y\u0131l boyunca musallat ya\u015fad\u0131m art\u0131k o kadar \u00e7ok bunaltt\u0131ki beni uyumamak i\u00e7in dua ediyordum. Hocam sayesinde kurtuldum ne kadar te\u015fekk\u00fcr etsem azd\u0131r.<\/p>\n\n<div class=\"social-icons-group\" data-type=\"group\"><\/div>\n<\/div>\n<\/div>\n<\/div>\n<div class=\"col-xs-12 col-sm-6 col-md-3 col-padding\">\n<div class=\"row \">\n<div class=\"col-xs-12 col-sm-12\" data-type=\"column\"><img decoding=\"async\" class=\"round face\" title=\"cropped-buyuler2-538x218-6.jpg\" src=\"https:\/\/medyumemrahozturk.com\/wp-content\/uploads\/2016\/10\/cropped-buyuler2-538x218-6.jpg\" alt=\"\" \/>\n<h4 class=\"font-500\">U\u011f** G\u00fc****<\/h4>\n<p class=\"italic\">Gizlili\u011fe \u00f6nem veren hocam s\u0131k\u0131nt\u0131lar\u0131ma \u00e7are oldu olmaya devam ediyor faydas\u0131n\u0131 \u00e7ok g\u00f6rd\u00fcm. \u00c7ok sa\u011folun hocam<\/p>\n\n<div class=\"social-icons-group\" data-type=\"group\"><\/div>\n<\/div>\n<\/div>\n<\/div>\n<div class=\"col-xs-12 col-sm-6 col-md-3 col-padding\">\n<div class=\"row \">\n<div class=\"col-xs-12 col-sm-12\" data-type=\"column\"><img decoding=\"async\" class=\"round face\" title=\"cropped-cropped-buyuler2-538x218-1.jpg\" src=\"https:\/\/medyumemrahozturk.com\/wp-content\/uploads\/2016\/10\/cropped-cropped-buyuler2-538x218-1.jpg\" alt=\"\" \/>\n<h4 class=\"font-500\">Ay*** Tu***<\/h4>\n<p class=\"italic\">\u0130lk defa b\u00f6yle bir\u015feyle kar\u015f\u0131la\u015ft\u0131m \u00e7ok teredd\u00fct ettim ama iyiki de tan\u0131\u015fm\u0131\u015f\u0131m hocamla musattan ve yap\u0131lan b\u00fcy\u00fcden kurtard\u0131 beni.<\/p>\n\n<div class=\"social-icons-group\" data-type=\"group\"><\/div>\n<\/div>\n<\/div>\n<\/div>\n<\/div>\n<\/div>\n<\/div>\n<div id=\"latest-news-1\" class=\"blog-section-mc blog-section-standard content-section content-section-spacing\" style=\"background-color: #f5fafd;\" data-label=\"Latest-news\" data-id=\"blog-section-mc\" data-export-id=\"blog-section-mc\" data-category=\"latest_news\">\n<div class=\"gridContainer\">\n<div class=\"row\">\n<div class=\"section-title-col\" data-type=\"column\">\n<h5 class=\"\">Medyumemrahozturk.com<\/h5>\n<a class=\"link\" href=\"#Medyumemrahozturk.com\" target=\"_self\" rel=\"noopener\" data-cp-link=\"1\">Medyumemrahozturk.com<\/a>\n\n<\/div>\n<\/div>\n<\/div>\n<\/div>\n<div id=\"contact-1\" class=\"contact-1-mc content-section content-section-spacing white-text\" style=\"background-color: #ffffff;\" data-label=\"Contact\" data-id=\"contact-1-mc\" data-export-id=\"contact-1-mc\" data-bullets-visibility=\"true\" data-category=\"contact\" data-parallax-depth=\"20\">\n<div class=\"gridContainer\">\n<div class=\"row text-center\">\n<div class=\"section-title-col\" data-type=\"column\">\n<h2 class=\"\">\u0130leti\u015fim<\/h2>\n<p class=\"lead\">0 538 717 07 33 \u00a0&amp;\u00a0\u00a00 554 979 37 85<\/p>\n<p class=\"lead\">\u0130stedi\u011finiz Zaman Arayabilirsiniz.<\/p>\n\n<\/div>\n<\/div>\n<\/div>\n<\/div>","protected":false},"excerpt":{"rendered":"<p>KADER NED\u0130R? Ne yaz\u0131k ki toplumumuzun b\u00fcy\u00fck bir k\u0131sm\u0131 kaderin ger\u00e7ek anlam\u0131n\u0131 bilmiyor ve bu y\u00fczden de herkes yap\u0131lan hatalar\u0131 kaderde buluyor. YILDIZNAME NED\u0130R? Ki\u015finin do\u011fum tarihi saati ismi vb. ki\u015fisel bilgileri kullan\u0131larak bak\u0131l\u0131r. Do\u011fumdan \u00f6l\u00fcme dek ba\u015f\u0131ndan ge\u00e7ecek \u00f6nemli olaylar belirtilir. NAZAR NED\u0130R? Nazar ya da kem g\u00f6z, canl\u0131 veya cans\u0131z bir varl\u0131\u011f\u0131n ba\u015f\u0131na&hellip; <br \/> <a class=\"read-more\" href=\"https:\/\/medyumemrahozturk.com\/\">Devam\u0131<\/a><\/p>\n","protected":false},"author":1,"featured_media":0,"parent":0,"menu_order":0,"comment_status":"closed","ping_status":"closed","template":"","meta":{"footnotes":""},"class_list":["post-328","page","type-page","status-publish","hentry"],"aioseo_notices":[],"_links":{"self":[{"href":"https:\/\/medyumemrahozturk.com\/index.php\/wp-json\/wp\/v2\/pages\/328","targetHints":{"allow":["GET"]}}],"collection":[{"href":"https:\/\/medyumemrahozturk.com\/index.php\/wp-json\/wp\/v2\/pages"}],"about":[{"href":"https:\/\/medyumemrahozturk.com\/index.php\/wp-json\/wp\/v2\/types\/page"}],"author":[{"embeddable":true,"href":"https:\/\/medyumemrahozturk.com\/index.php\/wp-json\/wp\/v2\/users\/1"}],"replies":[{"embeddable":true,"href":"https:\/\/medyumemrahozturk.com\/index.php\/wp-json\/wp\/v2\/comments?post=328"}],"version-history":[{"count":54,"href":"https:\/\/medyumemrahozturk.com\/index.php\/wp-json\/wp\/v2\/pages\/328\/revisions"}],"predecessor-version":[{"id":625,"href":"https:\/\/medyumemrahozturk.com\/index.php\/wp-json\/wp\/v2\/pages\/328\/revisions\/625"}],"wp:attachment":[{"href":"https:\/\/medyumemrahozturk.com\/index.php\/wp-json\/wp\/v2\/media?parent=328"}],"curies":[{"name":"wp","href":"https:\/\/api.w.org\/{rel}","templated":true}]}}